{"id":2381,"date":"2016-11-15T13:30:01","date_gmt":"2016-11-15T13:30:01","guid":{"rendered":"http:\/\/www.teamobility.de\/?page_id=2381"},"modified":"2025-04-29T18:34:09","modified_gmt":"2025-04-29T17:34:09","slug":"wir-bieten","status":"publish","type":"page","link":"https:\/\/www.teamobility.de\/startseite\/beratungsansatz\/wir-bieten\/","title":{"rendered":"Wir bieten &#8230;"},"content":{"rendered":"\t\t<div data-elementor-type=\"wp-page\" data-elementor-id=\"2381\" class=\"elementor elementor-2381\" data-elementor-post-type=\"page\">\n\t\t\t\t\t\t<section class=\"elementor-section elementor-top-section elementor-element elementor-element-7480ca03 elementor-section-boxed elementor-section-height-default elementor-section-height-default\" data-id=\"7480ca03\" data-element_type=\"section\" data-e-type=\"section\">\n\t\t\t\t\t\t<div class=\"elementor-container elementor-column-gap-default\">\n\t\t\t\t\t<div class=\"elementor-column elementor-col-100 elementor-top-column elementor-element elementor-element-73a07503\" data-id=\"73a07503\" data-element_type=\"column\" data-e-type=\"column\">\n\t\t\t<div class=\"elementor-widget-wrap elementor-element-populated\">\n\t\t\t\t\t\t<div class=\"elementor-element elementor-element-35e4abde elementor-widget elementor-widget-text-editor\" data-id=\"35e4abde\" data-element_type=\"widget\" data-e-type=\"widget\" data-widget_type=\"text-editor.default\">\n\t\t\t\t<div class=\"elementor-widget-container\">\n\t\t\t\t\t\t\t\t\t<h3>Unser Beratungs-Portfolio <strong>Fit f\u00fcr die Zukunft\u00a0<\/strong>offeriert Experten mit internationaler unternehmerischer Erfahrung, Analytiker und disruptiv innovative Macher mit Eco-System-Kompetenz aus einer Hand zu folgenden Themenfeldern:<\/h3><h3 class=\"p1\"><strong>Disruptive Strategie Analyse<\/strong><\/h3><p class=\"p1\">Objektive Experten-Analyse der aktuellen und zuk\u00fcnftigen Branchen-Situation als Entscheidungsplattform f\u00fcr anstehende Ver\u00e4nderungen oder Optimierungen Ihrer Gesch\u00e4ftsfelder, Leistungen und Produkte.<\/p><h3><strong>Gesch\u00e4ftsaufbau &amp; Entwicklung<\/strong><\/h3><p class=\"p1\">Konsequente Optimierung und zukunftssichere Neuausrichtung Ihrer Gesch\u00e4ftsfelder, Leistungen und Produkte basierend auf den Ergebnissen der Experten-Analyse und eines kritischen Strategie Checks.<\/p><h3><strong>Transport- &amp; Mobilit\u00e4ts-Systeme<\/strong><\/h3><p class=\"p1\">Konzeptionelle Entwicklung und Umsetzung nachhaltig effizienter und zukunftsweisender End2End-Systeml\u00f6sungen f\u00fcr kreative Formen ultra-emissionsarmer Auto-Mobilit\u00e4t, des Transports, der digitalen Konnektivit\u00e4t und daf\u00fcr n\u00f6tiger Infrastrukturen.<\/p>\t\t\t\t\t\t\t\t<\/div>\n\t\t\t\t<\/div>\n\t\t\t\t\t<\/div>\n\t\t<\/div>\n\t\t\t\t\t<\/div>\n\t\t<\/section>\n\t\t\t\t<\/div>\n\t\t","protected":false},"excerpt":{"rendered":"<p>Unser Beratungs-Portfolio Fit f\u00fcr die Zukunft\u00a0offeriert Experten mit internationaler unternehmerischer Erfahrung, Analytiker und disruptiv innovative Macher mit Eco-System-Kompetenz aus einer Hand zu folgenden Themenfeldern: Disruptive Strategie Analyse Objektive Experten-Analyse der aktuellen und zuk\u00fcnftigen Branchen-Situation als Entscheidungsplattform f\u00fcr anstehende Ver\u00e4nderungen oder Optimierungen Ihrer Gesch\u00e4ftsfelder, Leistungen und Produkte. Gesch\u00e4ftsaufbau &amp; Entwicklung Konsequente Optimierung und zukunftssichere Neuausrichtung Ihrer &hellip; <\/p>\n<p class=\"link-more\"><a href=\"https:\/\/www.teamobility.de\/startseite\/beratungsansatz\/wir-bieten\/\" class=\"more-link\"><span class=\"screen-reader-text\">\u201eWir bieten &#8230;\u201c <\/span>weiterlesen<\/a><\/p>\n","protected":false},"author":2,"featured_media":0,"parent":2378,"menu_order":0,"comment_status":"closed","ping_status":"closed","template":"elementor_header_footer","meta":{"_exactmetrics_skip_tracking":false,"_exactmetrics_sitenote_active":false,"_exactmetrics_sitenote_note":"","_exactmetrics_sitenote_category":0,"footnotes":""},"class_list":["post-2381","page","type-page","status-publish","hentry"],"_links":{"self":[{"href":"https:\/\/www.teamobility.de\/startseite\/wp-json\/wp\/v2\/pages\/2381","targetHints":{"allow":["GET"]}}],"collection":[{"href":"https:\/\/www.teamobility.de\/startseite\/wp-json\/wp\/v2\/pages"}],"about":[{"href":"https:\/\/www.teamobility.de\/startseite\/wp-json\/wp\/v2\/types\/page"}],"author":[{"embeddable":true,"href":"https:\/\/www.teamobility.de\/startseite\/wp-json\/wp\/v2\/users\/2"}],"replies":[{"embeddable":true,"href":"https:\/\/www.teamobility.de\/startseite\/wp-json\/wp\/v2\/comments?post=2381"}],"version-history":[{"count":37,"href":"https:\/\/www.teamobility.de\/startseite\/wp-json\/wp\/v2\/pages\/2381\/revisions"}],"predecessor-version":[{"id":8107,"href":"https:\/\/www.teamobility.de\/startseite\/wp-json\/wp\/v2\/pages\/2381\/revisions\/8107"}],"up":[{"embeddable":true,"href":"https:\/\/www.teamobility.de\/startseite\/wp-json\/wp\/v2\/pages\/2378"}],"wp:attachment":[{"href":"https:\/\/www.teamobility.de\/startseite\/wp-json\/wp\/v2\/media?parent=2381"}],"curies":[{"name":"wp","href":"https:\/\/api.w.org\/{rel}","templated":true}]}}