{"id":2426,"date":"2016-11-21T12:07:04","date_gmt":"2016-11-21T12:07:04","guid":{"rendered":"http:\/\/www.teamobility.de\/?page_id=2426"},"modified":"2025-04-29T18:36:38","modified_gmt":"2025-04-29T17:36:38","slug":"inseln","status":"publish","type":"page","link":"https:\/\/www.teamobility.de\/startseite\/inseln\/","title":{"rendered":"Inseln"},"content":{"rendered":"\t\t<div data-elementor-type=\"wp-page\" data-elementor-id=\"2426\" class=\"elementor elementor-2426\" data-elementor-post-type=\"page\">\n\t\t\t\t\t\t<section class=\"elementor-section elementor-top-section elementor-element elementor-element-3bbbcce elementor-section-full_width elementor-section-height-min-height elementor-section-stretched elementor-section-height-default elementor-section-items-middle\" data-id=\"3bbbcce\" data-element_type=\"section\" data-e-type=\"section\" data-settings=\"{&quot;stretch_section&quot;:&quot;section-stretched&quot;}\">\n\t\t\t\t\t\t<div class=\"elementor-container elementor-column-gap-no\">\n\t\t\t\t\t<div class=\"elementor-column elementor-col-100 elementor-top-column elementor-element elementor-element-b81da72\" data-id=\"b81da72\" data-element_type=\"column\" data-e-type=\"column\">\n\t\t\t<div class=\"elementor-widget-wrap elementor-element-populated\">\n\t\t\t\t\t\t<div class=\"elementor-element elementor-element-675c61c elementor-invisible elementor-widget elementor-widget-image\" data-id=\"675c61c\" data-element_type=\"widget\" data-e-type=\"widget\" data-settings=\"{&quot;_animation&quot;:&quot;fadeInLeft&quot;}\" data-widget_type=\"image.default\">\n\t\t\t\t<div class=\"elementor-widget-container\">\n\t\t\t\t\t\t\t\t\t\t\t\t\t\t\t<img fetchpriority=\"high\" decoding=\"async\" width=\"1920\" height=\"347\" src=\"https:\/\/www.teamobility.de\/wp-content\/uploads\/2016\/11\/Inseln-Duplex-2048x2048.jpg\" class=\"attachment-2048x2048 size-2048x2048 wp-image-2430\" alt=\"\" srcset=\"https:\/\/www.teamobility.de\/wp-content\/uploads\/2016\/11\/Inseln-Duplex.jpg 1920w, https:\/\/www.teamobility.de\/wp-content\/uploads\/2016\/11\/Inseln-Duplex-300x54.jpg 300w, https:\/\/www.teamobility.de\/wp-content\/uploads\/2016\/11\/Inseln-Duplex-1170x211.jpg 1170w\" sizes=\"100vw\" \/>\t\t\t\t\t\t\t\t\t\t\t\t\t\t\t<\/div>\n\t\t\t\t<\/div>\n\t\t\t\t\t<\/div>\n\t\t<\/div>\n\t\t\t\t\t<\/div>\n\t\t<\/section>\n\t\t\t\t<section class=\"elementor-section elementor-top-section elementor-element elementor-element-dc21823 elementor-section-stretched elementor-section-boxed elementor-section-height-default elementor-section-height-default\" data-id=\"dc21823\" data-element_type=\"section\" data-e-type=\"section\" data-settings=\"{&quot;stretch_section&quot;:&quot;section-stretched&quot;}\">\n\t\t\t\t\t\t<div class=\"elementor-container elementor-column-gap-default\">\n\t\t\t\t\t<div class=\"elementor-column elementor-col-100 elementor-top-column elementor-element elementor-element-da4dda8\" data-id=\"da4dda8\" data-element_type=\"column\" data-e-type=\"column\">\n\t\t\t<div class=\"elementor-widget-wrap elementor-element-populated\">\n\t\t\t\t\t\t<div class=\"elementor-element elementor-element-684d20d elementor-widget elementor-widget-text-editor\" data-id=\"684d20d\" data-element_type=\"widget\" data-e-type=\"widget\" data-widget_type=\"text-editor.default\">\n\t\t\t\t<div class=\"elementor-widget-container\">\n\t\t\t\t\t\t\t\t\t<h3 class=\"p1\"><strong>Ultra Low Emission Mobility ist unsere Passion<\/strong><\/h3><p class=\"p1\">Teamobility verf\u00fcgt \u00fcber spezifische Themen Kompetenz zu <a href=\"https:\/\/www.teamobility.de\/startseite\/themen-kompetenz\/\" target=\"_blank\" rel=\"noopener\">\u201espeziellen Bereichen\u201c<\/a> der ultra-emissionsarmen Mobilit\u00e4t mit alternativer Energieversorgung.<br \/>Teamobility hat Konzepte erstellt, um Schritt fu\u0308r Schritt einzelne \u201cBereiche bzw. regionale Einheiten\u201d zu betrachten und diese m\u00f6glichst autark auf ultra-emissionsarme Mobilit\u00e4t umzustellen. Diese Bereichsl\u00f6sungen k\u00f6nnen aber durchaus auch Teil einer kundenspezifischen Gesamtl\u00f6sung werden.<br \/>Sprechen Sie uns an!<\/p>\t\t\t\t\t\t\t\t<\/div>\n\t\t\t\t<\/div>\n\t\t\t\t\t<\/div>\n\t\t<\/div>\n\t\t\t\t\t<\/div>\n\t\t<\/section>\n\t\t\t\t<\/div>\n\t\t","protected":false},"excerpt":{"rendered":"<p>Ultra Low Emission Mobility ist unsere Passion Teamobility verf\u00fcgt \u00fcber spezifische Themen Kompetenz zu \u201espeziellen Bereichen\u201c der ultra-emissionsarmen Mobilit\u00e4t mit alternativer Energieversorgung.Teamobility hat Konzepte erstellt, um Schritt fu\u0308r Schritt einzelne \u201cBereiche bzw. regionale Einheiten\u201d zu betrachten und diese m\u00f6glichst autark auf ultra-emissionsarme Mobilit\u00e4t umzustellen. Diese Bereichsl\u00f6sungen k\u00f6nnen aber durchaus auch Teil einer kundenspezifischen Gesamtl\u00f6sung werden.Sprechen &hellip; <\/p>\n<p class=\"link-more\"><a href=\"https:\/\/www.teamobility.de\/startseite\/inseln\/\" class=\"more-link\"><span class=\"screen-reader-text\">\u201eInseln\u201c <\/span>weiterlesen<\/a><\/p>\n","protected":false},"author":2,"featured_media":0,"parent":0,"menu_order":0,"comment_status":"closed","ping_status":"closed","template":"elementor_header_footer","meta":{"_exactmetrics_skip_tracking":false,"_exactmetrics_sitenote_active":false,"_exactmetrics_sitenote_note":"","_exactmetrics_sitenote_category":0,"footnotes":""},"class_list":["post-2426","page","type-page","status-publish","hentry"],"_links":{"self":[{"href":"https:\/\/www.teamobility.de\/startseite\/wp-json\/wp\/v2\/pages\/2426","targetHints":{"allow":["GET"]}}],"collection":[{"href":"https:\/\/www.teamobility.de\/startseite\/wp-json\/wp\/v2\/pages"}],"about":[{"href":"https:\/\/www.teamobility.de\/startseite\/wp-json\/wp\/v2\/types\/page"}],"author":[{"embeddable":true,"href":"https:\/\/www.teamobility.de\/startseite\/wp-json\/wp\/v2\/users\/2"}],"replies":[{"embeddable":true,"href":"https:\/\/www.teamobility.de\/startseite\/wp-json\/wp\/v2\/comments?post=2426"}],"version-history":[{"count":39,"href":"https:\/\/www.teamobility.de\/startseite\/wp-json\/wp\/v2\/pages\/2426\/revisions"}],"predecessor-version":[{"id":8110,"href":"https:\/\/www.teamobility.de\/startseite\/wp-json\/wp\/v2\/pages\/2426\/revisions\/8110"}],"wp:attachment":[{"href":"https:\/\/www.teamobility.de\/startseite\/wp-json\/wp\/v2\/media?parent=2426"}],"curies":[{"name":"wp","href":"https:\/\/api.w.org\/{rel}","templated":true}]}}