{"id":2436,"date":"2016-11-21T12:20:39","date_gmt":"2016-11-21T12:20:39","guid":{"rendered":"http:\/\/www.teamobility.de\/?page_id=2436"},"modified":"2025-04-29T18:41:34","modified_gmt":"2025-04-29T17:41:34","slug":"branchen-kompetenz","status":"publish","type":"page","link":"https:\/\/www.teamobility.de\/startseite\/branchen-kompetenz\/","title":{"rendered":"Branchen Kompetenz"},"content":{"rendered":"\t\t<div data-elementor-type=\"wp-page\" data-elementor-id=\"2436\" class=\"elementor elementor-2436\" data-elementor-post-type=\"page\">\n\t\t\t\t\t\t<section class=\"elementor-section elementor-top-section elementor-element elementor-element-607920aa elementor-section-stretched elementor-section-boxed elementor-section-height-default elementor-section-height-default\" data-id=\"607920aa\" data-element_type=\"section\" data-e-type=\"section\" data-settings=\"{&quot;stretch_section&quot;:&quot;section-stretched&quot;,&quot;background_background&quot;:&quot;classic&quot;}\">\n\t\t\t\t\t\t<div class=\"elementor-container elementor-column-gap-default\">\n\t\t\t\t\t<div class=\"elementor-column elementor-col-100 elementor-top-column elementor-element elementor-element-7ef90ee7\" data-id=\"7ef90ee7\" data-element_type=\"column\" data-e-type=\"column\">\n\t\t\t<div class=\"elementor-widget-wrap elementor-element-populated\">\n\t\t\t\t\t\t<div class=\"elementor-element elementor-element-c4c626f elementor-widget elementor-widget-text-editor\" data-id=\"c4c626f\" data-element_type=\"widget\" data-e-type=\"widget\" data-widget_type=\"text-editor.default\">\n\t\t\t\t<div class=\"elementor-widget-container\">\n\t\t\t\t\t\t\t\t\t<h3><strong>Automobil-Industrie<\/strong><\/h3><p class=\"p2\">Die gesamte Automobilindustrie steht vor dem gr\u00f6ssten Strukturwandel seit Jahrzehnten.<br \/>&#8230; wir helfen bei der Evolution, Disruption und digitalen Transformation.<\/p><h3><strong>St\u00e4dte und Kommunen<\/strong><\/h3><p class=\"p2\">St\u00e4dte und Kommunen wachsen in den n\u00e4chsten Jahren kontinuierlich. Wu\u0308nsche nach h\u00f6herer Lebensqualit\u00e4t ru\u0308cken damit st\u00e4rker in den Vordergrund und sind Wettbewerbsfaktor fu\u0308r St\u00e4dte und Kommunen.<br \/>&#8230; wir erarbeiten das Gesamtsystem Mobilit\u00e4t und urbane Versorgung.<\/p><h3><strong>Energieversorgung<\/strong><\/h3><p class=\"p2\"><span style=\"line-height: 1.5;\">Smart Grid \u2013 das intelligente Stromnetz der Zukunft \u2013 die effiziente Erzeugung, Versorgung und Speicherung von Energie fu\u0308r vernetzte, mobile und station\u00e4re Verbraucher.<br \/>&#8230; wir erarbeiten das Gesamtsystem fu\u0308r die Versorgung und den Betrieb von Mobilit\u00e4tsystemen mit den dafu\u0308r n\u00f6tigen Infrastrukturen und Eco-Systemen. <\/span><\/p><h3><strong>Logistik Branche<\/strong><\/h3><p class=\"p2\"><span style=\"line-height: 1.5;\">Personen- und Warentransportdienste\u00a0<\/span>entwickeln<span style=\"line-height: 1.5;\">\u00a0sich zu Schlu\u0308sselbranchen der Zukunft.\u00a0<\/span><br \/><span style=\"line-height: 1.5;\">&#8230; wir erarbeiten Logistiksysteme fu\u0308r Personen und Waren mit dafu\u0308r geeigneten ultra emissionsarmen Fahrzeugen bis hin zu vernetzenden Infrastrukturen. <\/span><\/p><h3><strong>Flottenbetreiber<\/strong><\/h3><p class=\"p2\">Flottenbetreiber erleben aktuell einen Wandel ihres Gesch\u00e4ftsmodelles &#8211; Betreiben von Fahrzeugen hin zu Anbieten von Mobilit\u00e4tsdienstleistungen.<br \/>&#8230; wir erarbeiten disruptive Gesch\u00e4ftsmodelle, vernetzte Mobilit\u00e4ts-Systeme und Services mit dafu\u0308r geeigneten Fahrzeugkonzepten.<\/p>\t\t\t\t\t\t\t\t<\/div>\n\t\t\t\t<\/div>\n\t\t\t\t\t<\/div>\n\t\t<\/div>\n\t\t\t\t\t<\/div>\n\t\t<\/section>\n\t\t\t\t<\/div>\n\t\t","protected":false},"excerpt":{"rendered":"<p>Automobil-Industrie Die gesamte Automobilindustrie steht vor dem gr\u00f6ssten Strukturwandel seit Jahrzehnten.&#8230; wir helfen bei der Evolution, Disruption und digitalen Transformation. St\u00e4dte und Kommunen St\u00e4dte und Kommunen wachsen in den n\u00e4chsten Jahren kontinuierlich. Wu\u0308nsche nach h\u00f6herer Lebensqualit\u00e4t ru\u0308cken damit st\u00e4rker in den Vordergrund und sind Wettbewerbsfaktor fu\u0308r St\u00e4dte und Kommunen.&#8230; wir erarbeiten das Gesamtsystem Mobilit\u00e4t und &hellip; <\/p>\n<p class=\"link-more\"><a href=\"https:\/\/www.teamobility.de\/startseite\/branchen-kompetenz\/\" class=\"more-link\"><span class=\"screen-reader-text\">\u201eBranchen Kompetenz\u201c <\/span>weiterlesen<\/a><\/p>\n","protected":false},"author":2,"featured_media":0,"parent":0,"menu_order":0,"comment_status":"closed","ping_status":"closed","template":"elementor_header_footer","meta":{"_exactmetrics_skip_tracking":false,"_exactmetrics_sitenote_active":false,"_exactmetrics_sitenote_note":"","_exactmetrics_sitenote_category":0,"footnotes":""},"class_list":["post-2436","page","type-page","status-publish","hentry"],"_links":{"self":[{"href":"https:\/\/www.teamobility.de\/startseite\/wp-json\/wp\/v2\/pages\/2436","targetHints":{"allow":["GET"]}}],"collection":[{"href":"https:\/\/www.teamobility.de\/startseite\/wp-json\/wp\/v2\/pages"}],"about":[{"href":"https:\/\/www.teamobility.de\/startseite\/wp-json\/wp\/v2\/types\/page"}],"author":[{"embeddable":true,"href":"https:\/\/www.teamobility.de\/startseite\/wp-json\/wp\/v2\/users\/2"}],"replies":[{"embeddable":true,"href":"https:\/\/www.teamobility.de\/startseite\/wp-json\/wp\/v2\/comments?post=2436"}],"version-history":[{"count":33,"href":"https:\/\/www.teamobility.de\/startseite\/wp-json\/wp\/v2\/pages\/2436\/revisions"}],"predecessor-version":[{"id":8119,"href":"https:\/\/www.teamobility.de\/startseite\/wp-json\/wp\/v2\/pages\/2436\/revisions\/8119"}],"wp:attachment":[{"href":"https:\/\/www.teamobility.de\/startseite\/wp-json\/wp\/v2\/media?parent=2436"}],"curies":[{"name":"wp","href":"https:\/\/api.w.org\/{rel}","templated":true}]}}