{"id":3308,"date":"2018-10-04T14:38:05","date_gmt":"2018-10-04T13:38:05","guid":{"rendered":"http:\/\/www.teamobility.de\/?page_id=3308"},"modified":"2024-05-02T15:11:07","modified_gmt":"2024-05-02T14:11:07","slug":"ihre-zukunft-bei-teamobility","status":"publish","type":"page","link":"https:\/\/www.teamobility.de\/startseite\/ihre-zukunft-bei-teamobility\/","title":{"rendered":"Ihre Zukunft bei TEAMOBILITY"},"content":{"rendered":"\t\t<div data-elementor-type=\"wp-page\" data-elementor-id=\"3308\" class=\"elementor elementor-3308\" data-elementor-post-type=\"page\">\n\t\t\t\t\t\t<section class=\"elementor-section elementor-top-section elementor-element elementor-element-9de58d0 elementor-section-full_width elementor-section-height-min-height elementor-section-stretched elementor-section-height-default elementor-section-items-middle\" data-id=\"9de58d0\" data-element_type=\"section\" data-e-type=\"section\" data-settings=\"{&quot;stretch_section&quot;:&quot;section-stretched&quot;}\">\n\t\t\t\t\t\t<div class=\"elementor-container elementor-column-gap-default\">\n\t\t\t\t\t<div class=\"elementor-column elementor-col-50 elementor-top-column elementor-element elementor-element-a33c864\" data-id=\"a33c864\" data-element_type=\"column\" data-e-type=\"column\" data-settings=\"{&quot;background_background&quot;:&quot;classic&quot;}\">\n\t\t\t<div class=\"elementor-widget-wrap elementor-element-populated\">\n\t\t\t\t\t<div class=\"elementor-background-overlay\"><\/div>\n\t\t\t\t\t\t<div class=\"elementor-element elementor-element-99447c8 elementor-widget__width-initial elementor-widget elementor-widget-heading\" data-id=\"99447c8\" data-element_type=\"widget\" data-e-type=\"widget\" data-widget_type=\"heading.default\">\n\t\t\t\t<div class=\"elementor-widget-container\">\n\t\t\t\t\t<h1 class=\"elementor-heading-title elementor-size-default\">Ihre Zukunft bei TEAMOBILITY<\/h1>\t\t\t\t<\/div>\n\t\t\t\t<\/div>\n\t\t\t\t\t<\/div>\n\t\t<\/div>\n\t\t\t\t<div class=\"elementor-column elementor-col-50 elementor-top-column elementor-element elementor-element-672026b\" data-id=\"672026b\" data-element_type=\"column\" data-e-type=\"column\">\n\t\t\t<div class=\"elementor-widget-wrap elementor-element-populated\">\n\t\t\t\t\t\t<div class=\"elementor-element elementor-element-5213132 elementor-invisible elementor-widget elementor-widget-text-editor\" data-id=\"5213132\" data-element_type=\"widget\" data-e-type=\"widget\" data-settings=\"{&quot;_animation&quot;:&quot;fadeInRight&quot;}\" data-widget_type=\"text-editor.default\">\n\t\t\t\t<div class=\"elementor-widget-container\">\n\t\t\t\t\t\t\t\t\t<h2><strong>Unser Angebot<\/strong><\/h2><p>Wir suchen laufend Verst\u00e4rkung f\u00fcr unser Team in den Bereichen:<\/p><p><strong><em>GESAMTFAHRZEUG-KONZEPTION<\/em><\/strong><br \/>(Plattform- und Karosserie-Architektur \/ Packaging, sowie Systemmodul- Integration und Gesamtabstimmung)<\/p><p><strong><em>DESIGN-KONZEPTION &amp; STUDIO-ENGINEERING<\/em><\/strong><br \/>(kreativ inspirierend und begleitend zum Designprozess)<\/p><p><strong><em>TRANSPORTATION- \/ MOBILITY- \/ AUTOMOTIVE-DESIGN<\/em><\/strong><br \/>(vom 3D Sketch Modelling bis zum Alias Modelling o.\u00e4.)<\/p><p>Wenn Sie sich also reif f\u00fchlen, in unserem Team an zukunftsweisenden Mobilit\u00e4ts-Projekten ma\u00dfgeblich mitzuwirken, dann melden Sie sich bitte kurzfristig via E-Mail mit CV und Kurz-Portfolio bei Frau De Luca (email: deluca@mobility-innovations.de) und Prof. Johann Tomforde in cc (email: tomforde@teamobility.de).<\/p>\t\t\t\t\t\t\t\t<\/div>\n\t\t\t\t<\/div>\n\t\t\t\t\t<\/div>\n\t\t<\/div>\n\t\t\t\t\t<\/div>\n\t\t<\/section>\n\t\t\t\t<\/div>\n\t\t","protected":false},"excerpt":{"rendered":"<p>Ihre Zukunft bei TEAMOBILITY Unser Angebot Wir suchen laufend Verst\u00e4rkung f\u00fcr unser Team in den Bereichen: GESAMTFAHRZEUG-KONZEPTION(Plattform- und Karosserie-Architektur \/ Packaging, sowie Systemmodul- Integration und Gesamtabstimmung) DESIGN-KONZEPTION &amp; STUDIO-ENGINEERING(kreativ inspirierend und begleitend zum Designprozess) TRANSPORTATION- \/ MOBILITY- \/ AUTOMOTIVE-DESIGN(vom 3D Sketch Modelling bis zum Alias Modelling o.\u00e4.) Wenn Sie sich also reif f\u00fchlen, in unserem &hellip; <\/p>\n<p class=\"link-more\"><a href=\"https:\/\/www.teamobility.de\/startseite\/ihre-zukunft-bei-teamobility\/\" class=\"more-link\"><span class=\"screen-reader-text\">\u201eIhre Zukunft bei TEAMOBILITY\u201c <\/span>weiterlesen<\/a><\/p>\n","protected":false},"author":2,"featured_media":0,"parent":0,"menu_order":0,"comment_status":"closed","ping_status":"closed","template":"elementor_header_footer","meta":{"_exactmetrics_skip_tracking":false,"_exactmetrics_sitenote_active":false,"_exactmetrics_sitenote_note":"","_exactmetrics_sitenote_category":0,"footnotes":""},"class_list":["post-3308","page","type-page","status-publish","hentry"],"_links":{"self":[{"href":"https:\/\/www.teamobility.de\/startseite\/wp-json\/wp\/v2\/pages\/3308","targetHints":{"allow":["GET"]}}],"collection":[{"href":"https:\/\/www.teamobility.de\/startseite\/wp-json\/wp\/v2\/pages"}],"about":[{"href":"https:\/\/www.teamobility.de\/startseite\/wp-json\/wp\/v2\/types\/page"}],"author":[{"embeddable":true,"href":"https:\/\/www.teamobility.de\/startseite\/wp-json\/wp\/v2\/users\/2"}],"replies":[{"embeddable":true,"href":"https:\/\/www.teamobility.de\/startseite\/wp-json\/wp\/v2\/comments?post=3308"}],"version-history":[{"count":29,"href":"https:\/\/www.teamobility.de\/startseite\/wp-json\/wp\/v2\/pages\/3308\/revisions"}],"predecessor-version":[{"id":7835,"href":"https:\/\/www.teamobility.de\/startseite\/wp-json\/wp\/v2\/pages\/3308\/revisions\/7835"}],"wp:attachment":[{"href":"https:\/\/www.teamobility.de\/startseite\/wp-json\/wp\/v2\/media?parent=3308"}],"curies":[{"name":"wp","href":"https:\/\/api.w.org\/{rel}","templated":true}]}}