{"id":3326,"date":"2018-10-29T13:04:06","date_gmt":"2018-10-29T12:04:06","guid":{"rendered":"http:\/\/www.teamobility.de\/?page_id=3326"},"modified":"2018-10-30T13:14:29","modified_gmt":"2018-10-30T12:14:29","slug":"orgatec-2018","status":"publish","type":"page","link":"https:\/\/www.teamobility.de\/startseite\/orgatec-2018\/","title":{"rendered":"Orgatec 2018"},"content":{"rendered":"<p>[tm_pb_section admin_label=&#8220;section&#8220;][tm_pb_row admin_label=&#8220;Row&#8220; make_fullwidth=&#8220;on&#8220; use_custom_width=&#8220;off&#8220; use_grid_padding=&#8220;on&#8220; width_unit=&#8220;on&#8220; padding_mobile=&#8220;off&#8220; allow_player_pause=&#8220;off&#8220; parallax=&#8220;off&#8220; parallax_method=&#8220;off&#8220; make_equal=&#8220;off&#8220; parallax_1=&#8220;off&#8220; parallax_method_1=&#8220;off&#8220; column_padding_mobile=&#8220;on&#8220;][tm_pb_column type=&#8220;4_4&#8243;][tm_pb_image admin_label=&#8220;Image&#8220; src=&#8220;http:\/\/www.teamobility.de\/wp-content\/uploads\/2016\/11\/Unsere-Vision-neu.jpg&#8220; show_in_lightbox=&#8220;off&#8220; url_new_window=&#8220;off&#8220; use_overlay=&#8220;off&#8220; animation=&#8220;fade_in&#8220; sticky=&#8220;off&#8220; align=&#8220;center&#8220; force_fullwidth=&#8220;on&#8220; always_center_on_mobile=&#8220;on&#8220; use_border_color=&#8220;off&#8220; border_color=&#8220;#ffffff&#8220; border_style=&#8220;solid&#8220;] [\/tm_pb_image][\/tm_pb_column][\/tm_pb_row][tm_pb_row admin_label=&#8220;row&#8220; make_fullwidth=&#8220;off&#8220; use_custom_width=&#8220;off&#8220; use_grid_padding=&#8220;on&#8220; width_unit=&#8220;on&#8220; padding_mobile=&#8220;off&#8220; allow_player_pause=&#8220;off&#8220; parallax=&#8220;off&#8220; parallax_method=&#8220;off&#8220; make_equal=&#8220;off&#8220; parallax_1=&#8220;off&#8220; parallax_method_1=&#8220;off&#8220; column_padding_mobile=&#8220;on&#8220;][tm_pb_column type=&#8220;4_4&#8243;][tm_pb_text admin_label=&#8220;Header ORGATEC 2018&#8243; text_orientation=&#8220;left&#8220; use_border_color=&#8220;off&#8220; border_color=&#8220;#ffffff&#8220; border_style=&#8220;solid&#8220; background_color=&#8220;#ffffff&#8220; text_font=&#8220;Arial||||&#8220; text_font_size=&#8220;24&#8243; text_text_color=&#8220;#003966&#8243; text_line_height=&#8220;1.2em&#8220;]<\/p>\n<p><strong>\u00a0 <\/strong><\/p>\n<p>TEAMOBILITY und WAGNER mit <strong>UCCON<\/strong> auf der ORGATEC 2018<\/p>\n<p><strong>Motto &#8222;Move your life&#8220;<\/strong>.<\/p>\n<p>&nbsp;<\/p>\n<p>[\/tm_pb_text][\/tm_pb_column][\/tm_pb_row][tm_pb_row admin_label=&#8220;Row&#8220;][tm_pb_column type=&#8220;1_2&#8243;][tm_pb_text admin_label=&#8220;Text&#8220; text_orientation=&#8220;left&#8220; use_border_color=&#8220;off&#8220; border_color=&#8220;#ffffff&#8220; border_style=&#8220;solid&#8220; text_font=&#8220;Arial||||&#8220; text_font_size=&#8220;20&#8243; text_text_color=&#8220;#003660&#8243; text_line_height=&#8220;1.3em&#8220;]<\/p>\n<p>TEAMOBILITY und WAGNER haben in enger Kooperation innovative L\u00f6sungen geschaffen. Das ultra-emissionsarme MOBILE OFFICE und den hochergonomischen und flexiblen Fahrerplatz von morgen.<\/p>\n<p>Der hierzu pr\u00e4sentierte Demonstrator erzeugte gro\u00dfe, durchweg positive Resonanz. Es zeigt sich erneut, dass nur branchen\u00fcbergreifende Kreativit\u00e4t und &#8222;seamless Cooperation&#8220; zu neuen, erfolgversprechenden Gesamtl\u00f6sungen und Gesch\u00e4ftsmodellen f\u00fchren kann.<\/p>\n<p style=\"text-align: right;\"><em><span style=\"color: #0000ff;\">\u00a0<a href=\"http:\/\/www.teamobility.de\/orgatec-2018-uccon\/\">\u2026. mehr erfahren<\/a><\/span><\/em><\/p>\n<p>[\/tm_pb_text][\/tm_pb_column][tm_pb_column type=&#8220;1_4&#8243;][tm_pb_text admin_label=&#8220;Text&#8220; text_orientation=&#8220;left&#8220; text_font=&#8220;Arial|on|||&#8220; text_font_size=&#8220;24&#8243; text_line_height=&#8220;1.2em&#8220; use_border_color=&#8220;off&#8220; border_color=&#8220;#ffffff&#8220; border_style=&#8220;solid&#8220;]<\/p>\n<p style=\"text-align: right;\"><strong>23. &#8211; 27. 10. 2018<\/strong><\/p>\n<p style=\"text-align: right;\"><strong>K\u00f6ln<\/strong><\/p>\n<p style=\"text-align: right;\">[\/tm_pb_text][\/tm_pb_column][tm_pb_column type=&#8220;1_4&#8243;][tm_pb_image admin_label=&#8220;Image&#8220; src=&#8220;http:\/\/www.teamobility.de\/wp-content\/uploads\/2018\/10\/Logo_Orgatec-2018-Culture-@-Work.png&#8220; show_in_lightbox=&#8220;off&#8220; url=&#8220;https:\/\/www.iaa.de&#8220; url_new_window=&#8220;off&#8220; use_overlay=&#8220;off&#8220; animation=&#8220;off&#8220; sticky=&#8220;on&#8220; align=&#8220;left&#8220; force_fullwidth=&#8220;off&#8220; always_center_on_mobile=&#8220;on&#8220; use_border_color=&#8220;off&#8220; border_color=&#8220;#ffffff&#8220; border_style=&#8220;solid&#8220;] [\/tm_pb_image][\/tm_pb_column][\/tm_pb_row][\/tm_pb_section]<\/p>\n","protected":false},"excerpt":{"rendered":"<p>[tm_pb_section admin_label=&#8220;section&#8220;][tm_pb_row admin_label=&#8220;Row&#8220; make_fullwidth=&#8220;on&#8220; use_custom_width=&#8220;off&#8220; use_grid_padding=&#8220;on&#8220; width_unit=&#8220;on&#8220; padding_mobile=&#8220;off&#8220; allow_player_pause=&#8220;off&#8220; parallax=&#8220;off&#8220; parallax_method=&#8220;off&#8220; make_equal=&#8220;off&#8220; parallax_1=&#8220;off&#8220; parallax_method_1=&#8220;off&#8220; column_padding_mobile=&#8220;on&#8220;][tm_pb_column type=&#8220;4_4&#8243;][tm_pb_image admin_label=&#8220;Image&#8220; src=&#8220;http:\/\/www.teamobility.de\/wp-content\/uploads\/2016\/11\/Unsere-Vision-neu.jpg&#8220; show_in_lightbox=&#8220;off&#8220; url_new_window=&#8220;off&#8220; use_overlay=&#8220;off&#8220; animation=&#8220;fade_in&#8220; sticky=&#8220;off&#8220; align=&#8220;center&#8220; force_fullwidth=&#8220;on&#8220; always_center_on_mobile=&#8220;on&#8220; use_border_color=&#8220;off&#8220; border_color=&#8220;#ffffff&#8220; border_style=&#8220;solid&#8220;] [\/tm_pb_image][\/tm_pb_column][\/tm_pb_row][tm_pb_row admin_label=&#8220;row&#8220; make_fullwidth=&#8220;off&#8220; use_custom_width=&#8220;off&#8220; use_grid_padding=&#8220;on&#8220; width_unit=&#8220;on&#8220; padding_mobile=&#8220;off&#8220; allow_player_pause=&#8220;off&#8220; parallax=&#8220;off&#8220; parallax_method=&#8220;off&#8220; make_equal=&#8220;off&#8220; parallax_1=&#8220;off&#8220; parallax_method_1=&#8220;off&#8220; column_padding_mobile=&#8220;on&#8220;][tm_pb_column type=&#8220;4_4&#8243;][tm_pb_text admin_label=&#8220;Header ORGATEC 2018&#8243; text_orientation=&#8220;left&#8220; use_border_color=&#8220;off&#8220; border_color=&#8220;#ffffff&#8220; border_style=&#8220;solid&#8220; background_color=&#8220;#ffffff&#8220; text_font=&#8220;Arial||||&#8220; text_font_size=&#8220;24&#8243; text_text_color=&#8220;#003966&#8243; &hellip; <\/p>\n<p class=\"link-more\"><a href=\"https:\/\/www.teamobility.de\/startseite\/orgatec-2018\/\" class=\"more-link\"><span class=\"screen-reader-text\">\u201eOrgatec 2018\u201c <\/span>weiterlesen<\/a><\/p>\n","protected":false},"author":2,"featured_media":0,"parent":0,"menu_order":0,"comment_status":"closed","ping_status":"closed","template":"","meta":{"_exactmetrics_skip_tracking":false,"_exactmetrics_sitenote_active":false,"_exactmetrics_sitenote_note":"","_exactmetrics_sitenote_category":0,"footnotes":""},"class_list":["post-3326","page","type-page","status-publish","hentry"],"_links":{"self":[{"href":"https:\/\/www.teamobility.de\/startseite\/wp-json\/wp\/v2\/pages\/3326","targetHints":{"allow":["GET"]}}],"collection":[{"href":"https:\/\/www.teamobility.de\/startseite\/wp-json\/wp\/v2\/pages"}],"about":[{"href":"https:\/\/www.teamobility.de\/startseite\/wp-json\/wp\/v2\/types\/page"}],"author":[{"embeddable":true,"href":"https:\/\/www.teamobility.de\/startseite\/wp-json\/wp\/v2\/users\/2"}],"replies":[{"embeddable":true,"href":"https:\/\/www.teamobility.de\/startseite\/wp-json\/wp\/v2\/comments?post=3326"}],"version-history":[{"count":6,"href":"https:\/\/www.teamobility.de\/startseite\/wp-json\/wp\/v2\/pages\/3326\/revisions"}],"predecessor-version":[{"id":3353,"href":"https:\/\/www.teamobility.de\/startseite\/wp-json\/wp\/v2\/pages\/3326\/revisions\/3353"}],"wp:attachment":[{"href":"https:\/\/www.teamobility.de\/startseite\/wp-json\/wp\/v2\/media?parent=3326"}],"curies":[{"name":"wp","href":"https:\/\/api.w.org\/{rel}","templated":true}]}}