{"id":5032,"date":"2021-10-01T14:20:32","date_gmt":"2021-10-01T13:20:32","guid":{"rendered":"http:\/\/www.teamobility.de\/startseite\/?page_id=5032"},"modified":"2024-05-02T15:23:19","modified_gmt":"2024-05-02T14:23:19","slug":"presse-aktuell","status":"publish","type":"page","link":"https:\/\/www.teamobility.de\/startseite\/presse-aktuell\/","title":{"rendered":"Presse aktuell"},"content":{"rendered":"\t\t<div data-elementor-type=\"wp-page\" data-elementor-id=\"5032\" class=\"elementor elementor-5032\" data-elementor-post-type=\"page\">\n\t\t\t\t\t\t<section class=\"elementor-section elementor-top-section elementor-element elementor-element-a72f86b elementor-section-full_width elementor-section-stretched elementor-section-height-default elementor-section-height-default\" data-id=\"a72f86b\" data-element_type=\"section\" data-e-type=\"section\" data-settings=\"{&quot;stretch_section&quot;:&quot;section-stretched&quot;,&quot;background_background&quot;:&quot;classic&quot;}\">\n\t\t\t\t\t\t<div class=\"elementor-container elementor-column-gap-default\">\n\t\t\t\t\t<div class=\"elementor-column elementor-col-100 elementor-top-column elementor-element elementor-element-ea3579e\" data-id=\"ea3579e\" data-element_type=\"column\" data-e-type=\"column\" data-settings=\"{&quot;background_background&quot;:&quot;classic&quot;}\">\n\t\t\t<div class=\"elementor-widget-wrap elementor-element-populated\">\n\t\t\t\t\t\t<div class=\"elementor-element elementor-element-c345131 elementor-widget elementor-widget-text-editor\" data-id=\"c345131\" data-element_type=\"widget\" data-e-type=\"widget\" data-widget_type=\"text-editor.default\">\n\t\t\t\t<div class=\"elementor-widget-container\">\n\t\t\t\t\t\t\t\t\t<h4>Interview mit Prof. Johann Tomforde und Dr. Peter Hoffmann in der Sindelfinger-\/B\u00f6blinger Zeitung<\/h4>\t\t\t\t\t\t\t\t<\/div>\n\t\t\t\t<\/div>\n\t\t\t\t\t<\/div>\n\t\t<\/div>\n\t\t\t\t\t<\/div>\n\t\t<\/section>\n\t\t\t\t<section class=\"elementor-section elementor-top-section elementor-element elementor-element-db3f972 elementor-section-full_width elementor-section-stretched elementor-section-height-default elementor-section-height-default\" data-id=\"db3f972\" data-element_type=\"section\" data-e-type=\"section\" data-settings=\"{&quot;stretch_section&quot;:&quot;section-stretched&quot;}\">\n\t\t\t\t\t\t<div class=\"elementor-container elementor-column-gap-default\">\n\t\t\t\t\t<div class=\"elementor-column elementor-col-50 elementor-top-column elementor-element elementor-element-593941f\" data-id=\"593941f\" data-element_type=\"column\" data-e-type=\"column\" data-settings=\"{&quot;background_background&quot;:&quot;classic&quot;}\">\n\t\t\t<div class=\"elementor-widget-wrap elementor-element-populated\">\n\t\t\t\t\t\t<div class=\"elementor-element elementor-element-1264c82 elementor-widget elementor-widget-image\" data-id=\"1264c82\" data-element_type=\"widget\" data-e-type=\"widget\" data-widget_type=\"image.default\">\n\t\t\t\t<div class=\"elementor-widget-container\">\n\t\t\t\t\t\t\t\t\t\t\t\t\t\t\t<img fetchpriority=\"high\" decoding=\"async\" width=\"1170\" height=\"606\" src=\"https:\/\/www.teamobility.de\/wp-content\/uploads\/2016\/12\/Header-Full-HD-Neu-1170x606.jpg\" class=\"attachment-large size-large wp-image-2666\" alt=\"\" srcset=\"https:\/\/www.teamobility.de\/wp-content\/uploads\/2016\/12\/Header-Full-HD-Neu-1170x606.jpg 1170w, https:\/\/www.teamobility.de\/wp-content\/uploads\/2016\/12\/Header-Full-HD-Neu-300x155.jpg 300w, https:\/\/www.teamobility.de\/wp-content\/uploads\/2016\/12\/Header-Full-HD-Neu.jpg 1920w\" sizes=\"100vw\" \/>\t\t\t\t\t\t\t\t\t\t\t\t\t\t\t<\/div>\n\t\t\t\t<\/div>\n\t\t\t\t\t<\/div>\n\t\t<\/div>\n\t\t\t\t<div class=\"elementor-column elementor-col-50 elementor-top-column elementor-element elementor-element-17cbab2\" data-id=\"17cbab2\" data-element_type=\"column\" data-e-type=\"column\">\n\t\t\t<div class=\"elementor-widget-wrap elementor-element-populated\">\n\t\t\t\t\t\t<div class=\"elementor-element elementor-element-0ebc89b elementor-widget elementor-widget-text-editor\" data-id=\"0ebc89b\" data-element_type=\"widget\" data-e-type=\"widget\" data-widget_type=\"text-editor.default\">\n\t\t\t\t<div class=\"elementor-widget-container\">\n\t\t\t\t\t\t\t\t\t<h5><strong>E-Mobilit\u00e4t \u201eViele ungel\u00f6ste Probleme\u201c<\/strong><\/h5><h5>Prof. Tomforde, gesch\u00e4ftsf\u00fchrender Gesellschafter der TEAMOBILITY GmbH und Dr. Karl Peter Hoffmann, Gesch\u00e4ftsf\u00fchrer Stadtwerke Sindelfingen diskutieren \u00fcber die Mobilit\u00e4t der Zukunft. Den vollst\u00e4ndigen Wortlaut finden sie<a href=\"https:\/\/www.teamobility.de\/startseite\/pressescans\/\">\u00a0<span style=\"color: #00ccff;\">hier<\/span><\/a><span style=\"color: var( --e-global-color-text ); font-family: var( --e-global-typography-text-font-family ), Sans-serif; font-size: 16px; letter-spacing: 0px;\">.<\/span><\/h5>\t\t\t\t\t\t\t\t<\/div>\n\t\t\t\t<\/div>\n\t\t\t\t\t<\/div>\n\t\t<\/div>\n\t\t\t\t\t<\/div>\n\t\t<\/section>\n\t\t\t\t<\/div>\n\t\t","protected":false},"excerpt":{"rendered":"<p>Interview mit Prof. Johann Tomforde und Dr. Peter Hoffmann in der Sindelfinger-\/B\u00f6blinger Zeitung E-Mobilit\u00e4t \u201eViele ungel\u00f6ste Probleme\u201c Prof. Tomforde, gesch\u00e4ftsf\u00fchrender Gesellschafter der TEAMOBILITY GmbH und Dr. Karl Peter Hoffmann, Gesch\u00e4ftsf\u00fchrer Stadtwerke Sindelfingen diskutieren \u00fcber die Mobilit\u00e4t der Zukunft. Den vollst\u00e4ndigen Wortlaut finden sie\u00a0hier.<\/p>\n","protected":false},"author":2,"featured_media":0,"parent":0,"menu_order":0,"comment_status":"closed","ping_status":"closed","template":"elementor_header_footer","meta":{"_exactmetrics_skip_tracking":false,"_exactmetrics_sitenote_active":false,"_exactmetrics_sitenote_note":"","_exactmetrics_sitenote_category":0,"footnotes":""},"class_list":["post-5032","page","type-page","status-publish","hentry"],"_links":{"self":[{"href":"https:\/\/www.teamobility.de\/startseite\/wp-json\/wp\/v2\/pages\/5032","targetHints":{"allow":["GET"]}}],"collection":[{"href":"https:\/\/www.teamobility.de\/startseite\/wp-json\/wp\/v2\/pages"}],"about":[{"href":"https:\/\/www.teamobility.de\/startseite\/wp-json\/wp\/v2\/types\/page"}],"author":[{"embeddable":true,"href":"https:\/\/www.teamobility.de\/startseite\/wp-json\/wp\/v2\/users\/2"}],"replies":[{"embeddable":true,"href":"https:\/\/www.teamobility.de\/startseite\/wp-json\/wp\/v2\/comments?post=5032"}],"version-history":[{"count":51,"href":"https:\/\/www.teamobility.de\/startseite\/wp-json\/wp\/v2\/pages\/5032\/revisions"}],"predecessor-version":[{"id":7885,"href":"https:\/\/www.teamobility.de\/startseite\/wp-json\/wp\/v2\/pages\/5032\/revisions\/7885"}],"wp:attachment":[{"href":"https:\/\/www.teamobility.de\/startseite\/wp-json\/wp\/v2\/media?parent=5032"}],"curies":[{"name":"wp","href":"https:\/\/api.w.org\/{rel}","templated":true}]}}