{"id":5334,"date":"2021-10-11T10:38:05","date_gmt":"2021-10-11T09:38:05","guid":{"rendered":"http:\/\/www.teamobility.de\/startseite\/?page_id=5334"},"modified":"2021-10-11T11:32:03","modified_gmt":"2021-10-11T10:32:03","slug":"latest-news-2","status":"publish","type":"page","link":"https:\/\/www.teamobility.de\/startseite\/latest-news-2\/","title":{"rendered":"latest news 2"},"content":{"rendered":"\t\t<div data-elementor-type=\"wp-page\" data-elementor-id=\"5334\" class=\"elementor elementor-5334\" data-elementor-post-type=\"page\">\n\t\t\t\t\t\t<section class=\"elementor-section elementor-top-section elementor-element elementor-element-70a4e842 elementor-section-boxed elementor-section-height-default elementor-section-height-default\" data-id=\"70a4e842\" data-element_type=\"section\" data-e-type=\"section\">\n\t\t\t\t\t\t\t<div class=\"elementor-background-overlay\"><\/div>\n\t\t\t\t\t\t\t<div class=\"elementor-container elementor-column-gap-default\">\n\t\t\t\t\t<div class=\"elementor-column elementor-col-100 elementor-top-column elementor-element elementor-element-56b536ec\" data-id=\"56b536ec\" data-element_type=\"column\" data-e-type=\"column\">\n\t\t\t<div class=\"elementor-widget-wrap elementor-element-populated\">\n\t\t\t\t\t\t<div class=\"elementor-element elementor-element-757aba76 elementor-widget elementor-widget-text-editor\" data-id=\"757aba76\" data-element_type=\"widget\" data-e-type=\"widget\" data-widget_type=\"text-editor.default\">\n\t\t\t\t<div class=\"elementor-widget-container\">\n\t\t\t\t\t\t\t\t\t<p><span style=\"color: #000000;\"><strong>IAA 2021<br \/>Prof. Johann Tomforde und das Management von CITY TRANSFORMER enth\u00fcllen die weltweit erste vollelektrische Mobilit\u00e4tsl\u00f6sung, das sich w\u00e4hrend der Fahrt auf intelligente Weise in Gr\u00f6\u00dfe und Eigenschaften anpassen kann<\/strong><\/span><\/p>\t\t\t\t\t\t\t\t<\/div>\n\t\t\t\t<\/div>\n\t\t\t\t\t<\/div>\n\t\t<\/div>\n\t\t\t\t\t<\/div>\n\t\t<\/section>\n\t\t\t\t<section class=\"elementor-section elementor-top-section elementor-element elementor-element-69160c21 elementor-section-full_width elementor-section-height-min-height elementor-section-stretched elementor-section-height-default elementor-section-items-middle\" data-id=\"69160c21\" data-element_type=\"section\" data-e-type=\"section\" data-settings=\"{&quot;stretch_section&quot;:&quot;section-stretched&quot;}\">\n\t\t\t\t\t\t<div class=\"elementor-container elementor-column-gap-default\">\n\t\t\t\t\t<div class=\"elementor-column elementor-col-66 elementor-top-column elementor-element elementor-element-1c434db6\" data-id=\"1c434db6\" data-element_type=\"column\" data-e-type=\"column\" data-settings=\"{&quot;background_background&quot;:&quot;classic&quot;}\">\n\t\t\t<div class=\"elementor-widget-wrap elementor-element-populated\">\n\t\t\t\t\t\t<div class=\"elementor-element elementor-element-468b962 elementor-widget elementor-widget-image\" data-id=\"468b962\" data-element_type=\"widget\" data-e-type=\"widget\" data-widget_type=\"image.default\">\n\t\t\t\t<div class=\"elementor-widget-container\">\n\t\t\t\t\t\t\t\t\t\t\t\t\t\t\t\t<a href=\"https:\/\/youtu.be\/y3MDdBnwLIU\" target=\"_blank\">\n\t\t\t\t\t\t\t<img fetchpriority=\"high\" decoding=\"async\" width=\"1536\" height=\"1022\" src=\"https:\/\/www.teamobility.de\/wp-content\/uploads\/2021\/09\/PK-City_Transformer-0251-1536x1022.jpg\" class=\"attachment-1536x1536 size-1536x1536 wp-image-4929\" alt=\"\" srcset=\"https:\/\/www.teamobility.de\/wp-content\/uploads\/2021\/09\/PK-City_Transformer-0251-1536x1022.jpg 1536w, https:\/\/www.teamobility.de\/wp-content\/uploads\/2021\/09\/PK-City_Transformer-0251-300x200.jpg 300w, https:\/\/www.teamobility.de\/wp-content\/uploads\/2021\/09\/PK-City_Transformer-0251-1170x778.jpg 1170w, https:\/\/www.teamobility.de\/wp-content\/uploads\/2021\/09\/PK-City_Transformer-0251.jpg 1920w\" sizes=\"100vw\" \/>\t\t\t\t\t\t\t\t<\/a>\n\t\t\t\t\t\t\t\t\t\t\t\t\t\t\t<\/div>\n\t\t\t\t<\/div>\n\t\t\t\t\t<\/div>\n\t\t<\/div>\n\t\t\t\t<div class=\"elementor-column elementor-col-33 elementor-top-column elementor-element elementor-element-5e86c5f7\" data-id=\"5e86c5f7\" data-element_type=\"column\" data-e-type=\"column\">\n\t\t\t<div class=\"elementor-widget-wrap elementor-element-populated\">\n\t\t\t\t\t\t<div class=\"elementor-element elementor-element-5dcce3f2 elementor-widget elementor-widget-text-editor\" data-id=\"5dcce3f2\" data-element_type=\"widget\" data-e-type=\"widget\" data-widget_type=\"text-editor.default\">\n\t\t\t\t<div class=\"elementor-widget-container\">\n\t\t\t\t\t\t\t\t\t<p style=\"margin: 6.0pt 0cm 12.0pt 0cm;\"><strong><span style=\"font-family: 'Arial',sans-serif;\">\u00dcber City Transformer<\/span><\/strong><\/p><p style=\"line-height: 115%;\"><span style=\"font-family: 'Arial',sans-serif;\">City Transformer entwickelt die weltweit erste vollelektrische Mobilit\u00e4tsl\u00f6sung, das sich w\u00e4hrend der Fahrt auf intelligente Weise in Gr\u00f6\u00dfe und Eigenschaften anpassen kann. Dadurch wird es den komplexen Anspr\u00fcchen der Menschen gerecht, die die gr\u00f6\u00dften St\u00e4dte der Welt ihr Zuhause nennen.<\/span><\/p><p style=\"line-height: 115%;\"><span style=\"font-size: 11.0pt; line-height: 115%; font-family: 'Arial',sans-serif;\">\u00a0<\/span><span style=\"font-family: Arial, sans-serif; color: var( --e-global-color-text ); font-weight: var( --e-global-typography-text-font-weight ); letter-spacing: 0px;\">Der City Transformer wurde von Stadtbewohnern f\u00fcr Stadtbewohner entwickelt. Das Elektrofahrzeug parkt und \u00fcberlistet den Verkehr wie ein Motorrad und f\u00e4hrt gleichzeitig so sicher und bequem wie ein Auto. Der City Transformer wurde von Forbes zu einem der &#8222;Top 10 Cars of IAA Mobility 2021&#8220; und vom Time Magazine zu einer der &#8222;Best Inventions of 2020&#8220; gek\u00fcrt.<\/span><\/p><p style=\"margin: 6.0pt 0cm 12.0pt 0cm;\">\u00a0<\/p>\t\t\t\t\t\t\t\t<\/div>\n\t\t\t\t<\/div>\n\t\t\t\t<div class=\"elementor-element elementor-element-7de0dbec elementor-align-left elementor-widget elementor-widget-button\" data-id=\"7de0dbec\" data-element_type=\"widget\" data-e-type=\"widget\" data-widget_type=\"button.default\">\n\t\t\t\t<div class=\"elementor-widget-container\">\n\t\t\t\t\t\t\t\t\t<div class=\"elementor-button-wrapper\">\n\t\t\t\t\t<a class=\"elementor-button elementor-button-link elementor-size-sm\" href=\"http:\/\/www.citytransformer.com\" target=\"_blank\" rel=\"nofollow\">\n\t\t\t\t\t\t<span class=\"elementor-button-content-wrapper\">\n\t\t\t\t\t\t\t\t\t<span class=\"elementor-button-text\">mehr erfahren ...<\/span>\n\t\t\t\t\t<\/span>\n\t\t\t\t\t<\/a>\n\t\t\t\t<\/div>\n\t\t\t\t\t\t\t\t<\/div>\n\t\t\t\t<\/div>\n\t\t\t\t\t<\/div>\n\t\t<\/div>\n\t\t\t\t\t<\/div>\n\t\t<\/section>\n\t\t\t\t<section class=\"elementor-section elementor-top-section elementor-element elementor-element-619def65 elementor-section-boxed elementor-section-height-default elementor-section-height-default\" data-id=\"619def65\" data-element_type=\"section\" data-e-type=\"section\">\n\t\t\t\t\t\t<div class=\"elementor-container elementor-column-gap-default\">\n\t\t\t\t\t<div class=\"elementor-column elementor-col-100 elementor-top-column elementor-element elementor-element-17ea97f3\" data-id=\"17ea97f3\" data-element_type=\"column\" data-e-type=\"column\">\n\t\t\t<div class=\"elementor-widget-wrap elementor-element-populated\">\n\t\t\t\t\t\t<div class=\"elementor-element elementor-element-35507a9e elementor-widget-divider--view-line elementor-widget elementor-widget-divider\" data-id=\"35507a9e\" data-element_type=\"widget\" data-e-type=\"widget\" data-widget_type=\"divider.default\">\n\t\t\t\t<div class=\"elementor-widget-container\">\n\t\t\t\t\t\t\t<div class=\"elementor-divider\">\n\t\t\t<span class=\"elementor-divider-separator\">\n\t\t\t\t\t\t<\/span>\n\t\t<\/div>\n\t\t\t\t\t\t<\/div>\n\t\t\t\t<\/div>\n\t\t\t\t\t<\/div>\n\t\t<\/div>\n\t\t\t\t\t<\/div>\n\t\t<\/section>\n\t\t\t\t<\/div>\n\t\t","protected":false},"excerpt":{"rendered":"<p>IAA 2021Prof. Johann Tomforde und das Management von CITY TRANSFORMER enth\u00fcllen die weltweit erste vollelektrische Mobilit\u00e4tsl\u00f6sung, das sich w\u00e4hrend der Fahrt auf intelligente Weise in Gr\u00f6\u00dfe und Eigenschaften anpassen kann \u00dcber City Transformer City Transformer entwickelt die weltweit erste vollelektrische Mobilit\u00e4tsl\u00f6sung, das sich w\u00e4hrend der Fahrt auf intelligente Weise in Gr\u00f6\u00dfe und Eigenschaften anpassen kann. &hellip; <\/p>\n<p class=\"link-more\"><a href=\"https:\/\/www.teamobility.de\/startseite\/latest-news-2\/\" class=\"more-link\"><span class=\"screen-reader-text\">\u201elatest news 2\u201c <\/span>weiterlesen<\/a><\/p>\n","protected":false},"author":2,"featured_media":0,"parent":0,"menu_order":0,"comment_status":"closed","ping_status":"closed","template":"","meta":{"_exactmetrics_skip_tracking":false,"_exactmetrics_sitenote_active":false,"_exactmetrics_sitenote_note":"","_exactmetrics_sitenote_category":0,"footnotes":""},"class_list":["post-5334","page","type-page","status-publish","hentry"],"_links":{"self":[{"href":"https:\/\/www.teamobility.de\/startseite\/wp-json\/wp\/v2\/pages\/5334","targetHints":{"allow":["GET"]}}],"collection":[{"href":"https:\/\/www.teamobility.de\/startseite\/wp-json\/wp\/v2\/pages"}],"about":[{"href":"https:\/\/www.teamobility.de\/startseite\/wp-json\/wp\/v2\/types\/page"}],"author":[{"embeddable":true,"href":"https:\/\/www.teamobility.de\/startseite\/wp-json\/wp\/v2\/users\/2"}],"replies":[{"embeddable":true,"href":"https:\/\/www.teamobility.de\/startseite\/wp-json\/wp\/v2\/comments?post=5334"}],"version-history":[{"count":19,"href":"https:\/\/www.teamobility.de\/startseite\/wp-json\/wp\/v2\/pages\/5334\/revisions"}],"predecessor-version":[{"id":5370,"href":"https:\/\/www.teamobility.de\/startseite\/wp-json\/wp\/v2\/pages\/5334\/revisions\/5370"}],"wp:attachment":[{"href":"https:\/\/www.teamobility.de\/startseite\/wp-json\/wp\/v2\/media?parent=5334"}],"curies":[{"name":"wp","href":"https:\/\/api.w.org\/{rel}","templated":true}]}}