{"id":5861,"date":"2021-11-11T15:39:39","date_gmt":"2021-11-11T14:39:39","guid":{"rendered":"https:\/\/www.teamobility.de\/startseite\/?page_id=5861"},"modified":"2024-05-02T14:58:32","modified_gmt":"2024-05-02T13:58:32","slug":"unsere-vision","status":"publish","type":"page","link":"https:\/\/www.teamobility.de\/startseite\/unsere-vision\/","title":{"rendered":"unsere Vision"},"content":{"rendered":"\t\t<div data-elementor-type=\"wp-page\" data-elementor-id=\"5861\" class=\"elementor elementor-5861\" data-elementor-post-type=\"page\">\n\t\t\t\t\t\t<section class=\"elementor-section elementor-top-section elementor-element elementor-element-56cafd86 elementor-section-full_width elementor-section-stretched elementor-section-height-min-height elementor-section-height-default elementor-section-items-middle\" data-id=\"56cafd86\" data-element_type=\"section\" data-e-type=\"section\" data-settings=\"{&quot;stretch_section&quot;:&quot;section-stretched&quot;,&quot;background_background&quot;:&quot;video&quot;,&quot;background_video_link&quot;:&quot;http:\\\/\\\/www.teamobility.de\\\/wp-content\\\/uploads\\\/2021\\\/11\\\/Zeitrafferclip-fuer-Webpage300.mp4&quot;,&quot;background_video_start&quot;:-10}\">\n\t\t\t\t\t\t\t\t<div class=\"elementor-background-video-container elementor-hidden-mobile\">\n\t\t\t\t\t\t\t\t\t\t\t\t\t<video class=\"elementor-background-video-hosted\" role=\"presentation\" autoplay muted playsinline loop><\/video>\n\t\t\t\t\t\t\t\t\t\t\t<\/div>\n\t\t\t\t\t\t\t\t<div class=\"elementor-container elementor-column-gap-default\">\n\t\t\t\t\t<div class=\"elementor-column elementor-col-50 elementor-top-column elementor-element elementor-element-1fd0bc2e\" data-id=\"1fd0bc2e\" data-element_type=\"column\" data-e-type=\"column\">\n\t\t\t<div class=\"elementor-widget-wrap elementor-element-populated\">\n\t\t\t\t\t\t<div class=\"elementor-element elementor-element-10e40dbd elementor-invisible elementor-widget elementor-widget-heading\" data-id=\"10e40dbd\" data-element_type=\"widget\" data-e-type=\"widget\" data-settings=\"{&quot;_animation&quot;:&quot;fadeInLeft&quot;}\" data-widget_type=\"heading.default\">\n\t\t\t\t<div class=\"elementor-widget-container\">\n\t\t\t\t\t<h1 class=\"elementor-heading-title elementor-size-default\">Unsere Vision<\/h1>\t\t\t\t<\/div>\n\t\t\t\t<\/div>\n\t\t\t\t\t<\/div>\n\t\t<\/div>\n\t\t\t\t<div class=\"elementor-column elementor-col-50 elementor-top-column elementor-element elementor-element-77f21f19 elementor-invisible\" data-id=\"77f21f19\" data-element_type=\"column\" data-e-type=\"column\" data-settings=\"{&quot;animation&quot;:&quot;fadeInRight&quot;}\">\n\t\t\t<div class=\"elementor-widget-wrap elementor-element-populated\">\n\t\t\t\t\t\t<div class=\"elementor-element elementor-element-63265190 elementor-widget elementor-widget-text-editor\" data-id=\"63265190\" data-element_type=\"widget\" data-e-type=\"widget\" data-widget_type=\"text-editor.default\">\n\t\t\t\t<div class=\"elementor-widget-container\">\n\t\t\t\t\t\t\t\t\t<p>TEAMOBILITY steht f\u00fcr nachhaltige Mobilit\u00e4t, Ressourcenschonung und die Versorgung der Menschen in wachsenden Urbanisationen, die sich konsequent an den Bed\u00fcrfnissen des Nutzerspektrums orientiert:<br \/>Klimaneutral und digital vernetzt, resilient und effizient, disruptiv und attraktiv!<\/p><p>TEAMOBILITY macht daraus ein innovatives und wirtschaftlich funktionierendes Ganzes!<\/p>\t\t\t\t\t\t\t\t<\/div>\n\t\t\t\t<\/div>\n\t\t\t\t\t<\/div>\n\t\t<\/div>\n\t\t\t\t\t<\/div>\n\t\t<\/section>\n\t\t\t\t<\/div>\n\t\t","protected":false},"excerpt":{"rendered":"<p>Unsere Vision TEAMOBILITY steht f\u00fcr nachhaltige Mobilit\u00e4t, Ressourcenschonung und die Versorgung der Menschen in wachsenden Urbanisationen, die sich konsequent an den Bed\u00fcrfnissen des Nutzerspektrums orientiert:Klimaneutral und digital vernetzt, resilient und effizient, disruptiv und attraktiv! TEAMOBILITY macht daraus ein innovatives und wirtschaftlich funktionierendes Ganzes!<\/p>\n","protected":false},"author":2,"featured_media":0,"parent":0,"menu_order":0,"comment_status":"closed","ping_status":"closed","template":"elementor_header_footer","meta":{"_exactmetrics_skip_tracking":false,"_exactmetrics_sitenote_active":false,"_exactmetrics_sitenote_note":"","_exactmetrics_sitenote_category":0,"footnotes":""},"class_list":["post-5861","page","type-page","status-publish","hentry"],"_links":{"self":[{"href":"https:\/\/www.teamobility.de\/startseite\/wp-json\/wp\/v2\/pages\/5861","targetHints":{"allow":["GET"]}}],"collection":[{"href":"https:\/\/www.teamobility.de\/startseite\/wp-json\/wp\/v2\/pages"}],"about":[{"href":"https:\/\/www.teamobility.de\/startseite\/wp-json\/wp\/v2\/types\/page"}],"author":[{"embeddable":true,"href":"https:\/\/www.teamobility.de\/startseite\/wp-json\/wp\/v2\/users\/2"}],"replies":[{"embeddable":true,"href":"https:\/\/www.teamobility.de\/startseite\/wp-json\/wp\/v2\/comments?post=5861"}],"version-history":[{"count":79,"href":"https:\/\/www.teamobility.de\/startseite\/wp-json\/wp\/v2\/pages\/5861\/revisions"}],"predecessor-version":[{"id":7784,"href":"https:\/\/www.teamobility.de\/startseite\/wp-json\/wp\/v2\/pages\/5861\/revisions\/7784"}],"wp:attachment":[{"href":"https:\/\/www.teamobility.de\/startseite\/wp-json\/wp\/v2\/media?parent=5861"}],"curies":[{"name":"wp","href":"https:\/\/api.w.org\/{rel}","templated":true}]}}