{"id":7664,"date":"2024-01-29T22:18:27","date_gmt":"2024-01-29T21:18:27","guid":{"rendered":"https:\/\/www.teamobility.de\/startseite\/?page_id=7664"},"modified":"2025-04-29T18:44:32","modified_gmt":"2025-04-29T17:44:32","slug":"latest-news-4","status":"publish","type":"page","link":"https:\/\/www.teamobility.de\/startseite\/latest-news-4\/","title":{"rendered":"Latest News"},"content":{"rendered":"\t\t<div data-elementor-type=\"wp-page\" data-elementor-id=\"7664\" class=\"elementor elementor-7664\" data-elementor-post-type=\"page\">\n\t\t\t\t\t\t<section class=\"elementor-section elementor-top-section elementor-element elementor-element-672b47fa elementor-section-stretched elementor-section-boxed elementor-section-height-default elementor-section-height-default\" data-id=\"672b47fa\" data-element_type=\"section\" data-e-type=\"section\" data-settings=\"{&quot;stretch_section&quot;:&quot;section-stretched&quot;,&quot;background_background&quot;:&quot;classic&quot;}\">\n\t\t\t\t\t\t\t<div class=\"elementor-background-overlay\"><\/div>\n\t\t\t\t\t\t\t<div class=\"elementor-container elementor-column-gap-default\">\n\t\t\t\t\t<div class=\"elementor-column elementor-col-100 elementor-top-column elementor-element elementor-element-4e1e73a\" data-id=\"4e1e73a\" data-element_type=\"column\" data-e-type=\"column\" data-settings=\"{&quot;background_background&quot;:&quot;classic&quot;}\">\n\t\t\t<div class=\"elementor-widget-wrap elementor-element-populated\">\n\t\t\t\t\t\t<div class=\"elementor-element elementor-element-70b9d530 elementor-widget__width-initial elementor-widget elementor-widget-text-editor\" data-id=\"70b9d530\" data-element_type=\"widget\" data-e-type=\"widget\" data-widget_type=\"text-editor.default\">\n\t\t\t\t<div class=\"elementor-widget-container\">\n\t\t\t\t\t\t\t\t\t<h3 style=\"padding-left: 40px;\">Prof. Tomforde ist Gastredner und diskutiert \u00fcber innovative Cockpit- und Sitzsysteme in Nutz-Fahrzeugen und \u00fcber ergonomische \u00dcberlegungen und Tipps zur Optimierung des Arbeitsplatzes \u2013 sowohl im klassischen B\u00fcro als auch in modernen Arbeitsumfeldern wie dem Homeoffice.<br \/><span style=\"color: #3366ff;\"><a style=\"color: #3366ff;\" href=\"https:\/\/gesundes-sitzen.rcbe.de\/\" target=\"_blank\" rel=\"noopener\">Mehr Information hierzu.<\/a><\/span><\/h3>\t\t\t\t\t\t\t\t<\/div>\n\t\t\t\t<\/div>\n\t\t\t\t\t<\/div>\n\t\t<\/div>\n\t\t\t\t\t<\/div>\n\t\t<\/section>\n\t\t\t\t<\/div>\n\t\t","protected":false},"excerpt":{"rendered":"<p>Prof. Tomforde ist Gastredner und diskutiert \u00fcber innovative Cockpit- und Sitzsysteme in Nutz-Fahrzeugen und \u00fcber ergonomische \u00dcberlegungen und Tipps zur Optimierung des Arbeitsplatzes \u2013 sowohl im klassischen B\u00fcro als auch in modernen Arbeitsumfeldern wie dem Homeoffice.Mehr Information hierzu.<\/p>\n","protected":false},"author":2,"featured_media":0,"parent":0,"menu_order":0,"comment_status":"closed","ping_status":"closed","template":"elementor_header_footer","meta":{"_exactmetrics_skip_tracking":false,"_exactmetrics_sitenote_active":false,"_exactmetrics_sitenote_note":"","_exactmetrics_sitenote_category":0,"footnotes":""},"class_list":["post-7664","page","type-page","status-publish","hentry"],"_links":{"self":[{"href":"https:\/\/www.teamobility.de\/startseite\/wp-json\/wp\/v2\/pages\/7664","targetHints":{"allow":["GET"]}}],"collection":[{"href":"https:\/\/www.teamobility.de\/startseite\/wp-json\/wp\/v2\/pages"}],"about":[{"href":"https:\/\/www.teamobility.de\/startseite\/wp-json\/wp\/v2\/types\/page"}],"author":[{"embeddable":true,"href":"https:\/\/www.teamobility.de\/startseite\/wp-json\/wp\/v2\/users\/2"}],"replies":[{"embeddable":true,"href":"https:\/\/www.teamobility.de\/startseite\/wp-json\/wp\/v2\/comments?post=7664"}],"version-history":[{"count":36,"href":"https:\/\/www.teamobility.de\/startseite\/wp-json\/wp\/v2\/pages\/7664\/revisions"}],"predecessor-version":[{"id":8122,"href":"https:\/\/www.teamobility.de\/startseite\/wp-json\/wp\/v2\/pages\/7664\/revisions\/8122"}],"wp:attachment":[{"href":"https:\/\/www.teamobility.de\/startseite\/wp-json\/wp\/v2\/media?parent=7664"}],"curies":[{"name":"wp","href":"https:\/\/api.w.org\/{rel}","templated":true}]}}